{"id":173,"date":"2018-02-26T08:51:24","date_gmt":"2018-02-26T08:51:24","guid":{"rendered":"http:\/\/10.44.205.152\/free-1\/mesmerize\/"},"modified":"2024-09-27T11:47:21","modified_gmt":"2024-09-27T09:47:21","slug":"mesmerize","status":"publish","type":"page","link":"https:\/\/www.studiareoggi.it\/","title":{"rendered":"Front Page"},"content":{"rendered":"<div  data-label=\"Clients\" data-id=\"clients--1\" data-export-id=\"clients-1\" data-category=\"clients\" class=\"clients-1 content-section content-section-spacing white-text\" id=\"clients-1\" style=\"background-color: rgb(56, 179, 244); background-image: none;\"><div  class=\"gridContainer\"> <div  class=\"row middle-sm\"><div  data-type=\"column\" class=\"col-sm-6 space-bottom-xs\"> <h2  class=\"font-700\">Progettazione<\/h2> <p  class=\"lead\">Cloud, Cartine, Sondaggio e Mappe Concettuali<\/p><\/div> <div  class=\"col-sm-6\"><div  data-type=\"row\" class=\"row spaced-cols center-xs padding-lr\"> <div  class=\"col-xs-3\"> <\/div>    <\/div><\/div> <\/div><\/div> <\/div><div  data-label=\"Content\" data-id=\"content--13\" data-export-id=\"content-8\" data-category=\"content\" class=\"content-8 content-section content-section-spacing\" id=\"content-13\" style=\"background-color: rgb(255, 255, 255); background-image: none;\"><div  class=\"gridContainer\"> <div  class=\"row middle-sm\"><div  class=\"col-sm-6 space-bottom-xs space-top-xs\" data-type=\"column\"> <img  decoding=\"async\" class=\"shadow-large\" src=\"https:\/\/linkwireless.it\/cloud\/wp-content\/uploads\/2023\/03\/cropped-cloud_611605280.jpg\" title=\"cropped-cloud_611605280.jpg\" alt=\"\"><img decoding=\"async\"  class=\"custom-image\" src=\"https:\/\/www.studiareoggi.it\/wp-content\/uploads\/2023\/03\/cropped-cropped-Virtualizacion_en_la_nube_privada-1.jpg\" title=\"Virtualizaci\u00f3n_en_la_nube_privada\" alt=\"\"><\/div> <div  class=\"col-sm-6\" data-type=\"column\"><h2  class=\"\">Cloud<\/h2> <p  class=\"\">Cloud \u00e8 una suite di software client-server per la creazione e l\u2019utilizzo di servizi di file hosting, di cloud storage, di memorizzazione e sincronizzazione online.\n<br >Per la sincronizzazione e la condivisione dei file per tutti, dagli utenti che utilizzano il server Cloud nella privacy della propria casa, alle grandi imprese e fornitori di servizi supportati dalla Cloud.<\/p> <a class=\"button color1\" href=\"https:\/\/studiareoggi.it?page_id=841\" target=\"_self\" data-cp-link=\"1\" data-icon=\"\" rel=\"noopener\">Entra<\/a><\/div> <\/div><\/div> <\/div><div  data-label=\"Content\" data-id=\"content--3\" data-export-id=\"content-7\" data-category=\"content\" class=\"content-7 content-section content-section-spacing\" id=\"content-3\" style=\"background-color: rgb(245, 250, 253);\"><div  class=\"gridContainer\"> <div  class=\"row middle-sm\"><div  class=\"col-sm-6 space-bottom-xs content-right-sm\" data-type=\"column\"> <h2  class=\"\">Cartine<\/h2> <p  class=\"\">Utilizzando Cartine , puoi scegliere tra mappa standard, satellitare, topografica, modalit\u00e0 oscura o persino acquerello!<br >\nPuoi salvare i tuoi luoghi preferiti, in privato. \n<br >Puoi caricare tracce GPS o viaggi precedenti.&nbsp;<\/p> <a class=\"button color1\" href=\"https:\/\/studiareoggi.it?page_id=432\" target=\"_self\" data-cp-link=\"1\" data-icon=\"\" rel=\"noopener\">ENTRA<\/a><\/div> <div  class=\"col-sm-6 content-right-sm\" data-type=\"column\"> <img  decoding=\"async\" class=\"shadow-large\" src=\"https:\/\/linkwireless.it\/cloud\/wp-content\/uploads\/2023\/03\/cropped-Mappa-del-Mondo-Classica.jpg\" title=\"cropped-Mappa-del-Mondo-Classica.jpg\" alt=\"\"><img decoding=\"async\"  class=\"custom-image\" src=\"https:\/\/www.studiareoggi.it\/wp-content\/uploads\/2023\/03\/cropped-nextcloud.jpg\" title=\"cropped-nextcloud.jpg\" alt=\"\"><\/div> <\/div><\/div> <\/div><div  data-label=\"Content\" data-id=\"content--4\" data-export-id=\"content-8\" data-category=\"content\" class=\"content-8 content-section content-section-spacing\" id=\"content-4\" style=\"background-color: rgb(255, 255, 255); background-image: none;\"><div  class=\"gridContainer\"> <div  class=\"row middle-sm\"><div  class=\"col-sm-6 space-bottom-xs space-top-xs\" data-type=\"column\"> <img  decoding=\"async\" class=\"shadow-large\" src=\"https:\/\/linkwireless.it\/cloud\/wp-content\/uploads\/2023\/03\/cropped-sondaggio.jpg\" title=\"cropped-sondaggio.jpg\" alt=\"\"><img decoding=\"async\"  class=\"custom-image\" src=\"#\"><img decoding=\"async\"  class=\"custom-image\" src=\"https:\/\/www.studiareoggi.it\/wp-content\/uploads\/2023\/03\/cropped-cropped-netiquette-e1666260488490.jpg\" title=\"cropped-cropped-netiquette-e1666260488490.jpg\" alt=\"\"><\/div> <div  class=\"col-sm-6\" data-type=\"column\"><h2  class=\"\">Sondaggio<\/h2> <p  class=\"\">Design semplice: nessuna impostazione difficile da usare, solo l\u2019essenziale. \n<br >Funziona bene sullo smartphone.\n<br >A differenza di Google Forms, Typeform, Doodle e altri, le informazioni e le risposte del sondaggio sono mantenute private sul tuo portale.<\/p> <a class=\"button color1\" href=\"https:\/\/studiareoggi.it?page_id=500\" target=\"_self\" data-cp-link=\"1\" data-icon=\"\" rel=\"noopener\">ENTRA<\/a><\/div> <\/div><\/div> <\/div><div  data-label=\"Content\" data-id=\"content--5\" data-export-id=\"content-7\" data-category=\"content\" class=\"content-7 content-section content-section-spacing\" id=\"content-5\" style=\"background-color: rgb(245, 250, 253);\"><div  class=\"gridContainer\"> <div  class=\"row middle-sm\"><div  class=\"col-sm-6 space-bottom-xs content-right-sm\" data-type=\"column\"> <h2  class=\"\">Mappe Concettuali<\/h2> <p  class=\"\">Utilizzabile online, da tutti e senza installazione.<br >\nLe tue mappe possono essere condivise<br >e modificato da pi\u00f9 persone (ma non in tempo reale),<br >\nscaricati in diversi formati (freemind, immagini, testo, ecc.)<\/p> <a class=\"button color1\" href=\"https:\/\/studiareoggi.it?page_id=556\" target=\"_self\" data-cp-link=\"1\" data-icon=\"\" rel=\"noopener\">ENTRA<\/a><\/div> <div  class=\"col-sm-6 content-right-sm\" data-type=\"column\"> <img  decoding=\"async\" class=\"shadow-large\" src=\"https:\/\/linkwireless.it\/cloud\/wp-content\/uploads\/2023\/03\/cropped-mappe-concettuali-2.jpg\" title=\"cropped-mappe-concettuali-2.jpg\" alt=\"\"><a data-cp-link=\"1\" href=\"#\" class=\"\" target=\"_self\" rel=\"noopener\"><img decoding=\"async\"  class=\"custom-image\" src=\"https:\/\/www.studiareoggi.it\/wp-content\/uploads\/2023\/02\/cropped-screenshot3-1.png\"><\/a><\/div> <\/div><\/div> <\/div><div  data-label=\"Clients\" data-id=\"clients--3\" data-export-id=\"clients-1\" data-category=\"clients\" class=\"clients-1 content-section content-section-spacing white-text\" id=\"clients-3\" style=\"background-color: rgb(176, 173, 179); background-image: none;\"><div  class=\"gridContainer\"> <div  class=\"row middle-sm\"><div  data-type=\"column\" class=\"col-sm-6 space-bottom-xs\"> <h2  class=\"font-700\">Comunicazione<\/h2> <p  class=\"lead\">Gruppi, Talk e Classroom<\/p><\/div> <div  class=\"col-sm-6\"><div  data-type=\"row\" class=\"row spaced-cols center-xs padding-lr\"> <div  class=\"col-xs-3\"> <\/div>    <\/div><\/div> <\/div><\/div> <\/div><div  data-label=\"Content\" data-id=\"content--7\" data-export-id=\"content-8\" data-category=\"content\" class=\"content-8 content-section content-section-spacing\" id=\"content-7\" style=\"background-color: rgb(245, 250, 253); background-image: none;\"><div  class=\"gridContainer\"> <div  class=\"row middle-sm\"><div  class=\"col-sm-6 space-bottom-xs space-top-xs\" data-type=\"column\"> <img  decoding=\"async\" class=\"shadow-large\" src=\"https:\/\/linkwireless.it\/cloud\/wp-content\/uploads\/2023\/03\/cropped-corso-didattica.jpg\" title=\"cropped-corso-didattica.jpg\" alt=\"\"><img decoding=\"async\"  class=\"custom-image\" src=\"https:\/\/www.studiareoggi.it\/wp-content\/uploads\/2023\/03\/cropped-sondaggio-1.jpg\" title=\"cropped-sondaggio-1.jpg\" alt=\"\"><\/div> <div  class=\"col-sm-6\" data-type=\"column\"><h2  class=\"\">Gruppi<\/h2> <p  class=\"\">Con Gruppi, hai possibilit\u00e0 di creare aree con utenti diversi, e assegnare i contenuti e aree per lavorare.<\/p> <a class=\"button color1\" href=\"https:\/\/studiareoggi.it?page_id=543\" target=\"_self\" data-cp-link=\"1\" data-icon=\"\" rel=\"noopener\">ENTRA<\/a><\/div> <\/div><\/div> <\/div><div  data-label=\"Content\" data-id=\"content--6\" data-export-id=\"content-7\" data-category=\"content\" class=\"content-7 content-section content-section-spacing\" id=\"content-6\" style=\"background-color: rgb(255, 255, 255); background-image: none;\"><div  class=\"gridContainer\"> <div  class=\"row middle-sm\"><div  class=\"col-sm-6 space-bottom-xs content-right-sm\" data-type=\"column\"> <h2  class=\"\">Talk<\/h2> <p  class=\"\">Talk ti permette di parlare con i tuoi amici senza una complessa installazione di software o di registrazione. Tutto avviene tra te e i tuoi amici, direttamente nel tuo browser.<\/p> <a class=\"button color1\" href=\"https:\/\/studiareoggi.it?page_id=545\" target=\"_self\" data-cp-link=\"1\" data-icon=\"\" rel=\"noopener\">ENTRA<\/a><\/div> <div  class=\"col-sm-6 content-right-sm\" data-type=\"column\"> <img  decoding=\"async\" class=\"shadow-large\" src=\"https:\/\/linkwireless.it\/cloud\/wp-content\/uploads\/2023\/03\/cropped-Migliori-app-per-fare-videochiamate-di-gruppo-BlueJeans.jpg\" title=\"File standard per impaginazione\" alt=\"\"><img decoding=\"async\"  class=\"custom-image\" src=\"https:\/\/www.studiareoggi.it\/wp-content\/uploads\/2023\/03\/cropped-cropped-onlineclassroom.jpg\" title=\"cropped-cropped-onlineclassroom.jpg\" alt=\"\"><\/div> <\/div><\/div> <\/div><div  data-label=\"Content\" data-id=\"content--8\" data-export-id=\"content-8\" data-category=\"content\" class=\"content-8 content-section content-section-spacing\" id=\"content-8\" style=\"background-color: rgb(245, 250, 253);\"><div  class=\"gridContainer\"> <div  class=\"row middle-sm\"><div  class=\"col-sm-6 space-bottom-xs space-top-xs\" data-type=\"column\"> <img  decoding=\"async\" class=\"shadow-large\" src=\"https:\/\/linkwireless.it\/cloud\/wp-content\/uploads\/2023\/03\/cropped-COVID_lecture-777x437-1.jpg\" title=\"COVID_lecture-777x437\" alt=\"\"><img decoding=\"async\"  class=\"custom-image\" src=\"https:\/\/www.studiareoggi.it\/wp-content\/uploads\/2023\/03\/cropped-videochat-multiple-gratis-senza-limiti-1.jpg\" title=\"cropped-videochat-multiple-gratis-senza-limiti-1.jpg\" alt=\"\"><\/div> <div  class=\"col-sm-6\" data-type=\"column\"><h2  class=\"\">Classroom<\/h2> <p  class=\"\">Questa app consente di creare riunioni.\n<br >Avvia una stanza con una presentazione selezionata dal tuo browser e puoi limitare la creazione di stanze a determinati gruppi.<\/p> <a class=\"button color1\" href=\"https:\/\/studiareoggi.it?page_id=589\" target=\"_self\" data-cp-link=\"1\" data-icon=\"\" rel=\"noopener\">ENTRA<\/a><\/div> <\/div><\/div> <\/div><div  data-label=\"Clients\" data-id=\"clients--4\" data-export-id=\"clients-1\" data-category=\"clients\" class=\"clients-1 content-section content-section-spacing white-text\" id=\"clients-4\" style=\"background-color: rgb(149, 126, 13); background-image: none;\"><div  class=\"gridContainer\"> <div  class=\"row middle-sm\"><div  data-type=\"column\" class=\"col-sm-6 space-bottom-xs\"> <h2  class=\"font-700\">Organizzazione<\/h2> <p  class=\"lead\">Agenda, Appuntamenti e Eventi<\/p><\/div> <div  class=\"col-sm-6\"><div  data-type=\"row\" class=\"row spaced-cols center-xs padding-lr\"> <div  class=\"col-xs-3\"> <\/div>    <\/div><\/div> <\/div><\/div> <\/div><div  data-label=\"Content\" data-id=\"content--9\" data-export-id=\"content-7\" data-category=\"content\" class=\"content-7 content-section content-section-spacing\" id=\"content-9\" style=\"background-color: rgb(245, 250, 253);\"><div  class=\"gridContainer\"> <div  class=\"row middle-sm\"><div  class=\"col-sm-6 space-bottom-xs content-right-sm\" data-type=\"column\"> <h2  class=\"\">Agenda<\/h2> <p  class=\"\">Agenda \u00e8 un servizio di gestione e condivisione di calendari online.<br >\nCreando un account potrai:<br >\nGestisci i calendari online , ma anche i tuoi contatti e le tue liste di cose da fare.<\/p> <a class=\"button color1\" href=\"https:\/\/studiareoggi.it?page_id=605\" target=\"_self\" data-cp-link=\"1\" data-icon=\"\" rel=\"noopener\">ENTRA<\/a><\/div> <div  class=\"col-sm-6 content-right-sm\" data-type=\"column\"> <img  decoding=\"async\" class=\"shadow-large\" src=\"https:\/\/linkwireless.it\/cloud\/wp-content\/uploads\/2023\/03\/cropped-6736365-mese-calendario-modello-icona-programma-agenda-in-piedi-su-sfondo-bianco-design-in-stile-piatto-illustrazione-agenda-calendario-resto-per-lavoro-e-affari-vettoriale.jpg\" title=\"cropped-6736365-mese-calendario-modello-icona-programma-agenda-in-piedi-su-sfondo-bianco-design-in-stile-piatto-illustrazione-agenda-calendario-resto-per-lavoro-e-affari-vettoriale.jpg\" alt=\"\"><img decoding=\"async\"  class=\"custom-image\" src=\"https:\/\/www.studiareoggi.it\/wp-content\/uploads\/2023\/03\/cropped-cropped-gruppi-sito-1600x900-1.jpg\" title=\"gruppi-sito-1600x900\" alt=\"\"><\/div> <\/div><\/div> <\/div><div  data-label=\"Content\" data-id=\"content--10\" data-export-id=\"content-8\" data-category=\"content\" class=\"content-8 content-section content-section-spacing\" id=\"content-10\" style=\"background-color: rgb(255, 255, 255);\"><div  class=\"gridContainer\"> <div  class=\"row middle-sm\"><div  class=\"col-sm-6 space-bottom-xs space-top-xs content-left-sm\" data-type=\"column\"> <img  decoding=\"async\" class=\"shadow-large\" src=\"https:\/\/linkwireless.it\/cloud\/wp-content\/uploads\/2023\/03\/cropped-agenda-digitale-monitor.jpg\" title=\"cropped-agenda-digitale-monitor.jpg\" alt=\"\"><img decoding=\"async\"  class=\"custom-image\" src=\"https:\/\/www.studiareoggi.it\/wp-content\/uploads\/2023\/03\/cropped-cropped-\u00bfQue-es-VPN_.jpg\" title=\"\u00bfQue-es-VPN_\" alt=\"\"><\/div> <div  class=\"col-sm-6 content-left-sm\" data-type=\"column\"><h2  class=\"\">Appuntamenti<\/h2> <p  class=\"\">Con appuntamenti puoi creare \u201cdate\u201d che ti permettono di definire in modo collaborativo la data e l\u2019orario (il luogo, online, in persona, etc) di una riunione adatta a tutti.<\/p> <a class=\"button color1\" href=\"https:\/\/studiareoggi.it?page_id=610\" target=\"_self\" data-cp-link=\"1\" data-icon=\"\" rel=\"noopener\">Entra<\/a><\/div> <\/div><\/div> <\/div><div  data-label=\"Content\" data-id=\"content--14\" data-export-id=\"content-7\" data-category=\"content\" class=\"content-7 content-section content-section-spacing\" id=\"content-14\" style=\"background-color: rgb(245, 250, 253);\"><div  class=\"gridContainer\"> <div  class=\"row middle-sm\"><div  class=\"col-sm-6 space-bottom-xs\" data-type=\"column\"> <h2  class=\"\">Digital Signage nelle scuole<\/h2> <p  class=\"\">Di fatto Il Digital Signage \u00e8 una rete di display che pu\u00f2 essere assoggettata a un network locale (TV di prossimit\u00e0) utilizzabile per la trasmissione di informazioni e comunicazioni referenziata nel luogo e nel contesto temporale.<\/p> <a class=\"button color1\" href=\"https:\/\/studiareoggi.it?page_id=1044\" target=\"_self\" data-cp-link=\"1\" data-icon=\"\" rel=\"noopener\">Entra<\/a><\/div> <div  class=\"col-sm-6\" data-type=\"column\"> <img  decoding=\"async\" class=\"shadow-large\" src=\"http:\/\/studiareoggi.it\/wp-content\/uploads\/2024\/03\/cropped-DS-school-2.png\" title=\"cropped-DS-school-2.png\" alt=\"\"><\/div> <\/div><\/div> <\/div><div  data-label=\"Clients\" data-id=\"clients--5\" data-export-id=\"clients-1\" data-category=\"clients\" class=\"clients-1 content-section content-section-spacing white-text\" id=\"clients-5\" style=\"background-color: rgb(169, 187, 223); background-image: none;\"><div  class=\"gridContainer\"> <div  class=\"row middle-sm\"><div  data-type=\"column\" class=\"col-sm-6 space-bottom-xs\"> <h2  class=\"font-700\">Divertimento<\/h2> <p  class=\"lead\">Creativit\u00e0 e Archivio<\/p><\/div> <div  class=\"col-sm-6\"><div  data-type=\"row\" class=\"row spaced-cols center-xs padding-lr\"> <div  class=\"col-xs-3\"> <\/div>    <\/div><\/div> <\/div><\/div> <\/div><div  data-label=\"Content\" data-id=\"content--11\" data-export-id=\"content-7\" data-category=\"content\" class=\"content-7 content-section content-section-spacing\" id=\"content-11\" style=\"background-color: rgb(245, 250, 253);\"><div  class=\"gridContainer\"> <div  class=\"row middle-sm\"><div  class=\"col-sm-6 space-bottom-xs content-right-sm\" data-type=\"column\"> <h2  class=\"\">Creativit\u00e0<\/h2> <p  class=\"\">Le aziende tecnologiche ti aiutano ad accumulare dati: noi ti aiutiamo a ripulirli divertendoti mentre fai le tue cose!<\/p> <a class=\"button color1\" href=\"https:\/\/studiareoggi.it?page_id=432\" target=\"_self\" data-cp-link=\"1\" data-icon=\"\" rel=\"noopener\">ENTRA<\/a><\/div> <div  class=\"col-sm-6 content-right-sm\" data-type=\"column\"> <img  decoding=\"async\" class=\"shadow-large\" src=\"https:\/\/linkwireless.it\/cloud\/wp-content\/uploads\/2023\/03\/cropped-lampadina-colorata.02.jpg\" title=\"cropped-lampadina-colorata.02.jpg\" alt=\"\"><img decoding=\"async\"  class=\"custom-image\" src=\"https:\/\/www.studiareoggi.it\/wp-content\/uploads\/2023\/03\/cropped-arte-creativita-2.jpg\" title=\"cropped-arte-creativita-2.jpg\" alt=\"\"><\/div> <\/div><\/div> <\/div><div  data-label=\"Content\" data-id=\"content--12\" data-export-id=\"content-8\" data-category=\"content\" class=\"content-8 content-section content-section-spacing\" id=\"content-12\" style=\"background-color: rgb(255, 255, 255);\"><div  class=\"gridContainer\"> <div  class=\"row middle-sm\"><div  class=\"col-sm-6 space-bottom-xs space-top-xs\" data-type=\"column\"> <img  decoding=\"async\" class=\"shadow-large\" src=\"https:\/\/linkwireless.it\/cloud\/wp-content\/uploads\/2023\/03\/cropped-Virtualizacion_en_la_nube_privada.jpg\" title=\"cropped-Virtualizacion_en_la_nube_privada.jpg\" alt=\"\"><img decoding=\"async\"  class=\"custom-image\" src=\"https:\/\/www.studiareoggi.it\/wp-content\/uploads\/2023\/03\/cropped-cloud_611605280-1.jpg\" title=\"cropped-cloud_611605280-1.jpg\" alt=\"\"><\/div> <div  class=\"col-sm-6\" data-type=\"column\"><h2  class=\"\">Archivio<\/h2> <p  class=\"\">Accedi ai tuoi dati e conservali in un posto sicuro!<\/p> <a class=\"button color1\" href=\"#\" target=\"_self\" data-cp-link=\"1\" data-icon=\"\" rel=\"noopener\">ENTRA<\/a><\/div> <\/div><\/div> <\/div>","protected":false},"excerpt":{"rendered":"<p>Progettazione Cloud, Cartine, Sondaggio e Mappe Concettuali Cloud Cloud \u00e8 una suite di software client-server per la creazione e l\u2019utilizzo di servizi di file hosting, di cloud storage, di memorizzazione e sincronizzazione online. Per la sincronizzazione e la condivisione dei file per tutti, dagli utenti che utilizzano il server Cloud nella privacy della propria casa,&hellip; <br \/> <a class=\"read-more\" href=\"https:\/\/www.studiareoggi.it\/\">Leggi tutto<\/a><\/p>\n","protected":false},"author":1,"featured_media":0,"parent":0,"menu_order":0,"comment_status":"closed","ping_status":"closed","template":"page-templates\/homepage.php","meta":{"footnotes":""},"class_list":["post-173","page","type-page","status-publish","hentry"],"_links":{"self":[{"href":"https:\/\/www.studiareoggi.it\/index.php?rest_route=\/wp\/v2\/pages\/173","targetHints":{"allow":["GET"]}}],"collection":[{"href":"https:\/\/www.studiareoggi.it\/index.php?rest_route=\/wp\/v2\/pages"}],"about":[{"href":"https:\/\/www.studiareoggi.it\/index.php?rest_route=\/wp\/v2\/types\/page"}],"author":[{"embeddable":true,"href":"https:\/\/www.studiareoggi.it\/index.php?rest_route=\/wp\/v2\/users\/1"}],"replies":[{"embeddable":true,"href":"https:\/\/www.studiareoggi.it\/index.php?rest_route=%2Fwp%2Fv2%2Fcomments&post=173"}],"version-history":[{"count":117,"href":"https:\/\/www.studiareoggi.it\/index.php?rest_route=\/wp\/v2\/pages\/173\/revisions"}],"predecessor-version":[{"id":1083,"href":"https:\/\/www.studiareoggi.it\/index.php?rest_route=\/wp\/v2\/pages\/173\/revisions\/1083"}],"wp:attachment":[{"href":"https:\/\/www.studiareoggi.it\/index.php?rest_route=%2Fwp%2Fv2%2Fmedia&parent=173"}],"curies":[{"name":"wp","href":"https:\/\/api.w.org\/{rel}","templated":true}]}}